{"id":742,"date":"2018-05-25T21:06:20","date_gmt":"2018-05-25T19:06:20","guid":{"rendered":"http:\/\/koertke.de\/?post_type=product&#038;p=742"},"modified":"2023-09-15T17:36:12","modified_gmt":"2023-09-15T15:36:12","slug":"742","status":"publish","type":"product","link":"https:\/\/koertke.de\/?product=742","title":{"rendered":"Bahnhofstra\u00dfe Uelzen"},"content":{"rendered":"<p>Die Alte Die Alte Bahnhofstra\u00dfe in Uelzen mit Blick auf die Gudesstra\u00dfe. Digitaldruck auf Fotopapier hochgl\u00e4nzend DIN A4<\/p>\n<p>Gr\u00f6\u00dfere Formate auf Leinwand inkl. Keilrahmen von 20 x 30 cm bis 90 x 120 cm, Preis auf Anfrage<\/p>\n","protected":false},"excerpt":{"rendered":"<p>Die Alte Die Alte Bahnhofstra\u00dfe in Uelzen mit Blick auf die Gudesstra\u00dfe. Digitaldruck auf Fotopapier hochgl\u00e4nzend DIN A4 Gr\u00f6\u00dfere Formate auf Leinwand inkl. Keilrahmen von [&#8230;]<\/p>\n","protected":false},"featured_media":737,"comment_status":"closed","ping_status":"closed","template":"","meta":[],"product_cat":[198,67,223],"product_tag":[176,68,89,226,184,66,69,63,64],"jetpack_sharing_enabled":true,"_links":{"self":[{"href":"https:\/\/koertke.de\/index.php?rest_route=\/wp\/v2\/product\/742"}],"collection":[{"href":"https:\/\/koertke.de\/index.php?rest_route=\/wp\/v2\/product"}],"about":[{"href":"https:\/\/koertke.de\/index.php?rest_route=\/wp\/v2\/types\/product"}],"replies":[{"embeddable":true,"href":"https:\/\/koertke.de\/index.php?rest_route=%2Fwp%2Fv2%2Fcomments&post=742"}],"wp:featuredmedia":[{"embeddable":true,"href":"https:\/\/koertke.de\/index.php?rest_route=\/wp\/v2\/media\/737"}],"wp:attachment":[{"href":"https:\/\/koertke.de\/index.php?rest_route=%2Fwp%2Fv2%2Fmedia&parent=742"}],"wp:term":[{"taxonomy":"product_cat","embeddable":true,"href":"https:\/\/koertke.de\/index.php?rest_route=%2Fwp%2Fv2%2Fproduct_cat&post=742"},{"taxonomy":"product_tag","embeddable":true,"href":"https:\/\/koertke.de\/index.php?rest_route=%2Fwp%2Fv2%2Fproduct_tag&post=742"}],"curies":[{"name":"wp","href":"https:\/\/api.w.org\/{rel}","templated":true}]}}