{"id":532,"date":"2017-05-08T18:56:23","date_gmt":"2017-05-08T16:56:23","guid":{"rendered":"http:\/\/koertke.de\/?post_type=product&#038;p=532"},"modified":"2023-08-30T22:23:06","modified_gmt":"2023-08-30T20:23:06","slug":"weintraube-mit-blatt","status":"publish","type":"product","link":"https:\/\/koertke.de\/?product=weintraube-mit-blatt","title":{"rendered":"Weintraube mit Blatt, Digitaldruck auf Leinwand"},"content":{"rendered":"<p>Frische Weintraube, fertig zu Naschen. Frisches Gr\u00fcn und toll in der K\u00fcche. Ideal als Geschenk oder auch einfach aus der Lust heraus.<\/p>\n<p>f\u00fcr Gr\u00f6\u00dfe bitte kurz vorher Kontakt aufnehmen und nachfragen.<\/p>\n","protected":false},"excerpt":{"rendered":"<p>Weintraube mit Blatt<\/p>\n","protected":false},"featured_media":516,"comment_status":"open","ping_status":"closed","template":"","meta":[],"product_cat":[67,501],"product_tag":[56,89,69,88,79,80,55,148,77,64],"jetpack_sharing_enabled":true,"_links":{"self":[{"href":"https:\/\/koertke.de\/index.php?rest_route=\/wp\/v2\/product\/532"}],"collection":[{"href":"https:\/\/koertke.de\/index.php?rest_route=\/wp\/v2\/product"}],"about":[{"href":"https:\/\/koertke.de\/index.php?rest_route=\/wp\/v2\/types\/product"}],"replies":[{"embeddable":true,"href":"https:\/\/koertke.de\/index.php?rest_route=%2Fwp%2Fv2%2Fcomments&post=532"}],"wp:featuredmedia":[{"embeddable":true,"href":"https:\/\/koertke.de\/index.php?rest_route=\/wp\/v2\/media\/516"}],"wp:attachment":[{"href":"https:\/\/koertke.de\/index.php?rest_route=%2Fwp%2Fv2%2Fmedia&parent=532"}],"wp:term":[{"taxonomy":"product_cat","embeddable":true,"href":"https:\/\/koertke.de\/index.php?rest_route=%2Fwp%2Fv2%2Fproduct_cat&post=532"},{"taxonomy":"product_tag","embeddable":true,"href":"https:\/\/koertke.de\/index.php?rest_route=%2Fwp%2Fv2%2Fproduct_tag&post=532"}],"curies":[{"name":"wp","href":"https:\/\/api.w.org\/{rel}","templated":true}]}}