{"id":463,"date":"2017-03-16T11:57:36","date_gmt":"2017-03-16T10:57:36","guid":{"rendered":"http:\/\/koertke.de\/?post_type=product&#038;p=463"},"modified":"2023-08-30T20:24:02","modified_gmt":"2023-08-30T18:24:02","slug":"463","status":"publish","type":"product","link":"https:\/\/koertke.de\/?product=463","title":{"rendered":"Postkarte mit deiner Nummer"},"content":{"rendered":"<p>W\u00e4hle meine Nummer, die Karten werden individualisiert mit deiner Telefonnummer, Karte in Gr\u00f6\u00dfe 148&#215;105 mm auf Fotodruck 296 g\/m\u00b2, mail einfach, in ein paar Tagen sind die Karten dann bei dir. Ideal zum Flirten und um die Telenummer weiter zu geben, du bleibst garantiert in Erinnerung<\/p>\n<p>&nbsp;<\/p>\n<p><!--more-->Du kannst auch gern einen Kommentar und besondere W\u00fcnsche hinterlassen.<\/p>\n<p>&nbsp;<\/p>\n","protected":false},"excerpt":{"rendered":"<p>W\u00e4hle meine Nummer, die Karten werden individualisiert mit deiner Telefonnummer, Karte in Gr\u00f6\u00dfe 148&#215;105 mm auf Fotodruck 296 g\/m\u00b2, mail einfach, in ein paar Tagen [&#8230;]<\/p>\n","protected":false},"featured_media":437,"comment_status":"open","ping_status":"closed","template":"","meta":[],"product_cat":[67,501],"product_tag":[89,54,132,123,88,79,134,133,64],"jetpack_sharing_enabled":true,"_links":{"self":[{"href":"https:\/\/koertke.de\/index.php?rest_route=\/wp\/v2\/product\/463"}],"collection":[{"href":"https:\/\/koertke.de\/index.php?rest_route=\/wp\/v2\/product"}],"about":[{"href":"https:\/\/koertke.de\/index.php?rest_route=\/wp\/v2\/types\/product"}],"replies":[{"embeddable":true,"href":"https:\/\/koertke.de\/index.php?rest_route=%2Fwp%2Fv2%2Fcomments&post=463"}],"wp:featuredmedia":[{"embeddable":true,"href":"https:\/\/koertke.de\/index.php?rest_route=\/wp\/v2\/media\/437"}],"wp:attachment":[{"href":"https:\/\/koertke.de\/index.php?rest_route=%2Fwp%2Fv2%2Fmedia&parent=463"}],"wp:term":[{"taxonomy":"product_cat","embeddable":true,"href":"https:\/\/koertke.de\/index.php?rest_route=%2Fwp%2Fv2%2Fproduct_cat&post=463"},{"taxonomy":"product_tag","embeddable":true,"href":"https:\/\/koertke.de\/index.php?rest_route=%2Fwp%2Fv2%2Fproduct_tag&post=463"}],"curies":[{"name":"wp","href":"https:\/\/api.w.org\/{rel}","templated":true}]}}