{"id":353,"date":"2017-01-23T13:01:19","date_gmt":"2017-01-23T12:01:19","guid":{"rendered":"http:\/\/koertke.de\/?post_type=product&#038;p=353"},"modified":"2023-09-03T17:30:09","modified_gmt":"2023-09-03T15:30:09","slug":"gaense-in-klein-breese","status":"publish","type":"product","link":"https:\/\/koertke.de\/?product=gaense-in-klein-breese","title":{"rendered":"G\u00e4nse in Klein Breese"},"content":{"rendered":"<p>G\u00e4nse in Klein Breese, Woltersdorf. Die G\u00e4nse grasen im Sommer und pfl\u00fccken die leckersten Sacen vom Baum<br \/>\nLeinwand 20 x 30 cm, Aquarell<\/p>\n","protected":false},"excerpt":{"rendered":"<p>G\u00e4nse in Klein Breese, Woltersdorf. Die G\u00e4nse grasen im Sommer und pfl\u00fccken die leckersten Sacen vom Baum<br \/>\nLeinwand 20 x 30 cm, Aquarell<\/p>\n","protected":false},"featured_media":416,"comment_status":"open","ping_status":"closed","template":"","meta":[],"product_cat":[62],"product_tag":[75,76,73,79,80,78,77,81,74],"jetpack_sharing_enabled":true,"_links":{"self":[{"href":"https:\/\/koertke.de\/index.php?rest_route=\/wp\/v2\/product\/353"}],"collection":[{"href":"https:\/\/koertke.de\/index.php?rest_route=\/wp\/v2\/product"}],"about":[{"href":"https:\/\/koertke.de\/index.php?rest_route=\/wp\/v2\/types\/product"}],"replies":[{"embeddable":true,"href":"https:\/\/koertke.de\/index.php?rest_route=%2Fwp%2Fv2%2Fcomments&post=353"}],"wp:featuredmedia":[{"embeddable":true,"href":"https:\/\/koertke.de\/index.php?rest_route=\/wp\/v2\/media\/416"}],"wp:attachment":[{"href":"https:\/\/koertke.de\/index.php?rest_route=%2Fwp%2Fv2%2Fmedia&parent=353"}],"wp:term":[{"taxonomy":"product_cat","embeddable":true,"href":"https:\/\/koertke.de\/index.php?rest_route=%2Fwp%2Fv2%2Fproduct_cat&post=353"},{"taxonomy":"product_tag","embeddable":true,"href":"https:\/\/koertke.de\/index.php?rest_route=%2Fwp%2Fv2%2Fproduct_tag&post=353"}],"curies":[{"name":"wp","href":"https:\/\/api.w.org\/{rel}","templated":true}]}}