{"id":348,"date":"2017-01-22T14:44:57","date_gmt":"2017-01-22T13:44:57","guid":{"rendered":"http:\/\/koertke.de\/?post_type=product&#038;p=348"},"modified":"2023-08-30T22:31:08","modified_gmt":"2023-08-30T20:31:08","slug":"uhlenkoeper-uhr","status":"publish","type":"product","link":"https:\/\/koertke.de\/?product=uhlenkoeper-uhr","title":{"rendered":"Uhlenk\u00f6per Uhr"},"content":{"rendered":"<p>Das Uhlenk\u00f6per Denkmal an St. Marien in Uelzen<br \/>\nals Wanduhr 40 x 40 cm, Aquarell auf Leinwand.<\/p>\n<p>Eine au\u00dfergew\u00f6hlich sch\u00f6ne Uhr, als Geschenk oder zu Hause, im Wohnzimmer, auf der Diele odr auch in der K\u00fcche zzgl. Versand<\/p>\n<p>Siehe auch:\u00a0<a href=\"https:\/\/partner.spreadshirt.de\/shop-area\/827865\/shop\">T-Shirt Uhlenk\u00f6per<\/a><\/p>\n","protected":false},"excerpt":{"rendered":"<p>Das Uhlenk\u00f6per Denkmal an St. Marien in Uelzen<br \/>\nals Wanduhr 40 x 40 cm, Aquarell auf Leinwand.<\/p>\n<p>Eine au\u00dfergew\u00f6hlich sch\u00f6ne Uhr, als Geschenk oder zu Hause, im Wohnzimmer, auf der Diele odr auch in der K\u00fcche<\/p>\n","protected":false},"featured_media":349,"comment_status":"open","ping_status":"closed","template":"","meta":[],"product_cat":[67,62,223],"product_tag":[72,70,64,71,57],"jetpack_sharing_enabled":true,"_links":{"self":[{"href":"https:\/\/koertke.de\/index.php?rest_route=\/wp\/v2\/product\/348"}],"collection":[{"href":"https:\/\/koertke.de\/index.php?rest_route=\/wp\/v2\/product"}],"about":[{"href":"https:\/\/koertke.de\/index.php?rest_route=\/wp\/v2\/types\/product"}],"replies":[{"embeddable":true,"href":"https:\/\/koertke.de\/index.php?rest_route=%2Fwp%2Fv2%2Fcomments&post=348"}],"wp:featuredmedia":[{"embeddable":true,"href":"https:\/\/koertke.de\/index.php?rest_route=\/wp\/v2\/media\/349"}],"wp:attachment":[{"href":"https:\/\/koertke.de\/index.php?rest_route=%2Fwp%2Fv2%2Fmedia&parent=348"}],"wp:term":[{"taxonomy":"product_cat","embeddable":true,"href":"https:\/\/koertke.de\/index.php?rest_route=%2Fwp%2Fv2%2Fproduct_cat&post=348"},{"taxonomy":"product_tag","embeddable":true,"href":"https:\/\/koertke.de\/index.php?rest_route=%2Fwp%2Fv2%2Fproduct_tag&post=348"}],"curies":[{"name":"wp","href":"https:\/\/api.w.org\/{rel}","templated":true}]}}