{"id":15214,"date":"2023-09-03T14:52:32","date_gmt":"2023-09-03T12:52:32","guid":{"rendered":"https:\/\/koertke.de\/?post_type=product&#038;p=15214"},"modified":"2023-09-15T17:17:59","modified_gmt":"2023-09-15T15:17:59","slug":"postkarte-muehlenteich-mit-springbrunnen","status":"publish","type":"product","link":"https:\/\/koertke.de\/?product=postkarte-muehlenteich-mit-springbrunnen","title":{"rendered":"Postkarte M\u00fchlenteich mit Springbrunnen"},"content":{"rendered":"<p>Der M\u00fchlenteich in Uelzen, im Hintergrund der M\u00fchlenturm und im Vordergrund der Springbrunnen, Wasserspiel<\/p>\n","protected":false},"excerpt":{"rendered":"<p>Karte mit einem Bild, coloriert, im Format DIN A6<\/p>\n","protected":false},"featured_media":698,"comment_status":"open","ping_status":"closed","template":"","meta":[],"product_cat":[198,67,223],"product_tag":[543,542,107,108,64],"jetpack_sharing_enabled":true,"_links":{"self":[{"href":"https:\/\/koertke.de\/index.php?rest_route=\/wp\/v2\/product\/15214"}],"collection":[{"href":"https:\/\/koertke.de\/index.php?rest_route=\/wp\/v2\/product"}],"about":[{"href":"https:\/\/koertke.de\/index.php?rest_route=\/wp\/v2\/types\/product"}],"replies":[{"embeddable":true,"href":"https:\/\/koertke.de\/index.php?rest_route=%2Fwp%2Fv2%2Fcomments&post=15214"}],"wp:featuredmedia":[{"embeddable":true,"href":"https:\/\/koertke.de\/index.php?rest_route=\/wp\/v2\/media\/698"}],"wp:attachment":[{"href":"https:\/\/koertke.de\/index.php?rest_route=%2Fwp%2Fv2%2Fmedia&parent=15214"}],"wp:term":[{"taxonomy":"product_cat","embeddable":true,"href":"https:\/\/koertke.de\/index.php?rest_route=%2Fwp%2Fv2%2Fproduct_cat&post=15214"},{"taxonomy":"product_tag","embeddable":true,"href":"https:\/\/koertke.de\/index.php?rest_route=%2Fwp%2Fv2%2Fproduct_tag&post=15214"}],"curies":[{"name":"wp","href":"https:\/\/api.w.org\/{rel}","templated":true}]}}