{"id":15201,"date":"2023-09-03T13:22:53","date_gmt":"2023-09-03T11:22:53","guid":{"rendered":"https:\/\/koertke.de\/?post_type=product&#038;p=15201"},"modified":"2023-09-15T17:24:49","modified_gmt":"2023-09-15T15:24:49","slug":"postkarte-brueckenstrasse","status":"publish","type":"product","link":"https:\/\/koertke.de\/?product=postkarte-brueckenstrasse","title":{"rendered":"Postkarte Br\u00fcckenstra\u00dfe"},"content":{"rendered":"<p>Karte mit einem Bild, coloriert, im Format DIN A6<\/p>\n<p>Das Geb\u00e4ude Ecke Br\u00fcckenstra\u00dfe, Schnellenmarkt<\/p>\n","protected":false},"excerpt":{"rendered":"<p>Karte mit einem Bild, coloriert, im Format DIN A6<\/p>\n","protected":false},"featured_media":15205,"comment_status":"open","ping_status":"closed","template":"","meta":[],"product_cat":[198,67,223],"product_tag":[536,63,534,64,535],"jetpack_sharing_enabled":true,"_links":{"self":[{"href":"https:\/\/koertke.de\/index.php?rest_route=\/wp\/v2\/product\/15201"}],"collection":[{"href":"https:\/\/koertke.de\/index.php?rest_route=\/wp\/v2\/product"}],"about":[{"href":"https:\/\/koertke.de\/index.php?rest_route=\/wp\/v2\/types\/product"}],"replies":[{"embeddable":true,"href":"https:\/\/koertke.de\/index.php?rest_route=%2Fwp%2Fv2%2Fcomments&post=15201"}],"wp:featuredmedia":[{"embeddable":true,"href":"https:\/\/koertke.de\/index.php?rest_route=\/wp\/v2\/media\/15205"}],"wp:attachment":[{"href":"https:\/\/koertke.de\/index.php?rest_route=%2Fwp%2Fv2%2Fmedia&parent=15201"}],"wp:term":[{"taxonomy":"product_cat","embeddable":true,"href":"https:\/\/koertke.de\/index.php?rest_route=%2Fwp%2Fv2%2Fproduct_cat&post=15201"},{"taxonomy":"product_tag","embeddable":true,"href":"https:\/\/koertke.de\/index.php?rest_route=%2Fwp%2Fv2%2Fproduct_tag&post=15201"}],"curies":[{"name":"wp","href":"https:\/\/api.w.org\/{rel}","templated":true}]}}