{"id":15199,"date":"2023-09-03T13:15:24","date_gmt":"2023-09-03T11:15:24","guid":{"rendered":"https:\/\/koertke.de\/?post_type=product&#038;p=15199"},"modified":"2023-09-15T17:25:04","modified_gmt":"2023-09-15T15:25:04","slug":"postkarte-haus-ecke-schnellenmarkt-brueckenstrasse","status":"publish","type":"product","link":"https:\/\/koertke.de\/?product=postkarte-haus-ecke-schnellenmarkt-brueckenstrasse","title":{"rendered":"Postkarte Haus Ecke Schnellenmarkt, Br\u00fcckenstra\u00dfe"},"content":{"rendered":"<p>Karte mit einem Bild, coloriert, im Format DIN A6<\/p>\n<p>Das Geb\u00e4ude Ecke Br\u00fcckenstra\u00dfe, Schnellenmarkt<\/p>\n","protected":false},"excerpt":{"rendered":"<p>Karte mit einem Bild, coloriert, im Format DIN A6<\/p>\n","protected":false},"featured_media":700,"comment_status":"open","ping_status":"closed","template":"","meta":[],"product_cat":[198,67,223],"product_tag":[536,63,534,64,535],"jetpack_sharing_enabled":true,"_links":{"self":[{"href":"https:\/\/koertke.de\/index.php?rest_route=\/wp\/v2\/product\/15199"}],"collection":[{"href":"https:\/\/koertke.de\/index.php?rest_route=\/wp\/v2\/product"}],"about":[{"href":"https:\/\/koertke.de\/index.php?rest_route=\/wp\/v2\/types\/product"}],"replies":[{"embeddable":true,"href":"https:\/\/koertke.de\/index.php?rest_route=%2Fwp%2Fv2%2Fcomments&post=15199"}],"wp:featuredmedia":[{"embeddable":true,"href":"https:\/\/koertke.de\/index.php?rest_route=\/wp\/v2\/media\/700"}],"wp:attachment":[{"href":"https:\/\/koertke.de\/index.php?rest_route=%2Fwp%2Fv2%2Fmedia&parent=15199"}],"wp:term":[{"taxonomy":"product_cat","embeddable":true,"href":"https:\/\/koertke.de\/index.php?rest_route=%2Fwp%2Fv2%2Fproduct_cat&post=15199"},{"taxonomy":"product_tag","embeddable":true,"href":"https:\/\/koertke.de\/index.php?rest_route=%2Fwp%2Fv2%2Fproduct_tag&post=15199"}],"curies":[{"name":"wp","href":"https:\/\/api.w.org\/{rel}","templated":true}]}}