{"id":15177,"date":"2023-09-01T11:11:11","date_gmt":"2023-09-01T09:11:11","guid":{"rendered":"https:\/\/koertke.de\/?post_type=product&#038;p=15177"},"modified":"2023-09-15T17:30:47","modified_gmt":"2023-09-15T15:30:47","slug":"totenkopf-aegypten","status":"publish","type":"product","link":"https:\/\/koertke.de\/?product=totenkopf-aegypten","title":{"rendered":"Totenkopf \u00c4gypten"},"content":{"rendered":"<p>Totenkopf Sch\u00e4del \u00c4gypten<\/p>\n","protected":false},"excerpt":{"rendered":"<p>Totenkopf Sch\u00e4del \u00c4gypten<\/p>\n","protected":false},"featured_media":15178,"comment_status":"open","ping_status":"closed","template":"","meta":[],"product_cat":[516],"product_tag":[521,522,519,518],"jetpack_sharing_enabled":true,"_links":{"self":[{"href":"https:\/\/koertke.de\/index.php?rest_route=\/wp\/v2\/product\/15177"}],"collection":[{"href":"https:\/\/koertke.de\/index.php?rest_route=\/wp\/v2\/product"}],"about":[{"href":"https:\/\/koertke.de\/index.php?rest_route=\/wp\/v2\/types\/product"}],"replies":[{"embeddable":true,"href":"https:\/\/koertke.de\/index.php?rest_route=%2Fwp%2Fv2%2Fcomments&post=15177"}],"wp:featuredmedia":[{"embeddable":true,"href":"https:\/\/koertke.de\/index.php?rest_route=\/wp\/v2\/media\/15178"}],"wp:attachment":[{"href":"https:\/\/koertke.de\/index.php?rest_route=%2Fwp%2Fv2%2Fmedia&parent=15177"}],"wp:term":[{"taxonomy":"product_cat","embeddable":true,"href":"https:\/\/koertke.de\/index.php?rest_route=%2Fwp%2Fv2%2Fproduct_cat&post=15177"},{"taxonomy":"product_tag","embeddable":true,"href":"https:\/\/koertke.de\/index.php?rest_route=%2Fwp%2Fv2%2Fproduct_tag&post=15177"}],"curies":[{"name":"wp","href":"https:\/\/api.w.org\/{rel}","templated":true}]}}