{"id":15172,"date":"2023-09-01T10:03:09","date_gmt":"2023-09-01T08:03:09","guid":{"rendered":"https:\/\/koertke.de\/?post_type=product&#038;p=15172"},"modified":"2023-09-15T17:31:21","modified_gmt":"2023-09-15T15:31:21","slug":"totenkopf-deutschland","status":"publish","type":"product","link":"https:\/\/koertke.de\/?product=totenkopf-deutschland","title":{"rendered":"Totenkopf Deutschland"},"content":{"rendered":"<p>Deutschland ist auf einem sterbenden Ast. Wenn der Herbst kommt weicht Das Gr\u00fcn des Waldes dem Braun der Bl\u00e4tter. Ich f\u00fcrchte das wird auch in der Politik passieren.<\/p>\n","protected":false},"excerpt":{"rendered":"<p>Deutschland ist auf einem sterbenden Ast. Wenn der Herbst kommt weicht Das Gr\u00fcn des Waldes dem Braun der Bl\u00e4tter. Ich f\u00fcrchte das wird auch in [&#8230;]<\/p>\n","protected":false},"featured_media":15171,"comment_status":"open","ping_status":"closed","template":"","meta":[],"product_cat":[516],"product_tag":[517,452,519,518],"jetpack_sharing_enabled":true,"_links":{"self":[{"href":"https:\/\/koertke.de\/index.php?rest_route=\/wp\/v2\/product\/15172"}],"collection":[{"href":"https:\/\/koertke.de\/index.php?rest_route=\/wp\/v2\/product"}],"about":[{"href":"https:\/\/koertke.de\/index.php?rest_route=\/wp\/v2\/types\/product"}],"replies":[{"embeddable":true,"href":"https:\/\/koertke.de\/index.php?rest_route=%2Fwp%2Fv2%2Fcomments&post=15172"}],"wp:featuredmedia":[{"embeddable":true,"href":"https:\/\/koertke.de\/index.php?rest_route=\/wp\/v2\/media\/15171"}],"wp:attachment":[{"href":"https:\/\/koertke.de\/index.php?rest_route=%2Fwp%2Fv2%2Fmedia&parent=15172"}],"wp:term":[{"taxonomy":"product_cat","embeddable":true,"href":"https:\/\/koertke.de\/index.php?rest_route=%2Fwp%2Fv2%2Fproduct_cat&post=15172"},{"taxonomy":"product_tag","embeddable":true,"href":"https:\/\/koertke.de\/index.php?rest_route=%2Fwp%2Fv2%2Fproduct_tag&post=15172"}],"curies":[{"name":"wp","href":"https:\/\/api.w.org\/{rel}","templated":true}]}}