{"id":1114,"date":"2018-10-06T12:15:39","date_gmt":"2018-10-06T10:15:39","guid":{"rendered":"http:\/\/koertke.de\/?post_type=product&#038;p=1114"},"modified":"2018-10-21T16:40:13","modified_gmt":"2018-10-21T14:40:13","slug":"bruecke-im-wald","status":"publish","type":"product","link":"https:\/\/koertke.de\/?product=bruecke-im-wald","title":{"rendered":"Br\u00fccke im Wald"},"content":{"rendered":"<p>Die Br\u00fccke \u00fcber die Wipperau im Oldenst\u00e4dter Forst. Sie lag so pr\u00e4chtig im Licht, ich musste fotografieren. Die Br\u00fccke ist dann digital mit meinen digitalen Pinseln gemalt und f\u00fcr Leinwand auf ca. 45 x 30 cm optimiert.<\/p>\n<p>Eine tolle Wanddeko, ein sch\u00f6nes Geschenk aus Oldenstadt.<\/p>\n","protected":false},"excerpt":{"rendered":"<p>Die Br\u00fccke \u00fcber die Wipperau im Oldenst\u00e4dter Forst. Sie lag so pr\u00e4chtig im Licht, ich musste fotografieren. Die Br\u00fccke ist dann digital mit meinen digitalen [&#8230;]<\/p>\n","protected":false},"featured_media":1111,"comment_status":"closed","ping_status":"closed","template":"","meta":[],"product_cat":[67,62],"product_tag":[89,184,172,79,55,78,174,188,151],"jetpack_sharing_enabled":true,"_links":{"self":[{"href":"https:\/\/koertke.de\/index.php?rest_route=\/wp\/v2\/product\/1114"}],"collection":[{"href":"https:\/\/koertke.de\/index.php?rest_route=\/wp\/v2\/product"}],"about":[{"href":"https:\/\/koertke.de\/index.php?rest_route=\/wp\/v2\/types\/product"}],"replies":[{"embeddable":true,"href":"https:\/\/koertke.de\/index.php?rest_route=%2Fwp%2Fv2%2Fcomments&post=1114"}],"wp:featuredmedia":[{"embeddable":true,"href":"https:\/\/koertke.de\/index.php?rest_route=\/wp\/v2\/media\/1111"}],"wp:attachment":[{"href":"https:\/\/koertke.de\/index.php?rest_route=%2Fwp%2Fv2%2Fmedia&parent=1114"}],"wp:term":[{"taxonomy":"product_cat","embeddable":true,"href":"https:\/\/koertke.de\/index.php?rest_route=%2Fwp%2Fv2%2Fproduct_cat&post=1114"},{"taxonomy":"product_tag","embeddable":true,"href":"https:\/\/koertke.de\/index.php?rest_route=%2Fwp%2Fv2%2Fproduct_tag&post=1114"}],"curies":[{"name":"wp","href":"https:\/\/api.w.org\/{rel}","templated":true}]}}