{"id":747,"date":"2018-05-26T17:35:56","date_gmt":"2018-05-26T15:35:56","guid":{"rendered":"http:\/\/koertke.de\/?page_id=747"},"modified":"2023-08-19T09:29:29","modified_gmt":"2023-08-19T07:29:29","slug":"die-bilder-aus-uelzen-und-umgebung","status":"publish","type":"page","link":"https:\/\/koertke.de\/?page_id=747","title":{"rendered":"Bilder aus Uelzen"},"content":{"rendered":"<h4 style=\"text-align: center;\">Du suchst nach ansprechenden und tollen Bildern des alten Uelzen?<\/h4>\n<h4 style=\"text-align: center;\">Ich glaube, da hab ich spannende Angebote f\u00fcr dich!<\/h4>\n<h6 style=\"text-align: center;\"><span style=\"color: #ff0000;\"><a style=\"color: #ff0000;\" href=\"https:\/\/koertke.de\/category\/das-atelier-10\/karten\/uelzen\/\">&gt;&gt; Die Bilder aus Uelzen &lt;&lt;<\/a><\/span><\/h6>\n<div id=\"attachment_737\" style=\"width: 310px\" class=\"wp-caption alignleft\"><a href=\"https:\/\/koertke.de\/produkt-kategorie\/uelzen\/\"><img aria-describedby=\"caption-attachment-737\" decoding=\"async\" loading=\"lazy\" class=\"size-medium wp-image-737\" src=\"https:\/\/i0.wp.com\/koertke.de\/wp-content\/uploads\/2018\/05\/Bahnhofstr-1.jpg?resize=300%2C195&#038;ssl=1\" alt=\"Die alte Bahnhofstrasse\" width=\"300\" height=\"195\" srcset=\"https:\/\/i0.wp.com\/koertke.de\/wp-content\/uploads\/2018\/05\/Bahnhofstr-1.jpg?resize=300%2C195&amp;ssl=1 300w, https:\/\/i0.wp.com\/koertke.de\/wp-content\/uploads\/2018\/05\/Bahnhofstr-1.jpg?resize=600%2C390&amp;ssl=1 600w, https:\/\/i0.wp.com\/koertke.de\/wp-content\/uploads\/2018\/05\/Bahnhofstr-1.jpg?resize=768%2C499&amp;ssl=1 768w, https:\/\/i0.wp.com\/koertke.de\/wp-content\/uploads\/2018\/05\/Bahnhofstr-1.jpg?resize=1024%2C665&amp;ssl=1 1024w, https:\/\/i0.wp.com\/koertke.de\/wp-content\/uploads\/2018\/05\/Bahnhofstr-1.jpg?w=1560&amp;ssl=1 1560w\" sizes=\"(max-width: 300px) 100vw, 300px\" data-recalc-dims=\"1\" \/><\/a><p id=\"caption-attachment-737\" class=\"wp-caption-text\">Die Alte Bahnhofstrasse<\/p><\/div>\n<p><span style=\"font-size: 14pt;\">Ich male und gestalte gern und viel. So kommen immer wieder neue Bilder dazu. Du kannst meinen Shop jederzeit besuchen und dir die sch\u00f6nsten Bilder aussuchen. Es sind zum gr\u00f6\u00dften Teil alte Ansichten, die anhand von Fotografien neu interpretiert wurden und farblich gestaltet mit spannenden Effekten.<\/span><\/p>\n<p><span style=\"font-size: 14pt;\">Wenn du auch gern eine Mail mit den jeweiligen neuen Bildern erhalten m\u00f6chtest, trage dich einfach in die Mailliste ein. Mit dem Zusenden der Kontaktdaten gibst du auch das Einverst\u00e4ndnis, dass ich dir die neuen Angebote zusenden darf.<\/span><\/p>\n<p style=\"text-align: center;\">\n","protected":false},"excerpt":{"rendered":"<p>Du suchst nach ansprechenden und tollen Bildern des alten Uelzen? Ich glaube, da hab ich spannende Angebote f\u00fcr dich! &gt;&gt; Die Bilder aus Uelzen &lt;&lt; [&#8230;]<\/p>\n","protected":false},"author":1,"featured_media":0,"parent":0,"menu_order":0,"comment_status":"closed","ping_status":"closed","template":"","meta":{"footnotes":""},"jetpack_sharing_enabled":true,"_links":{"self":[{"href":"https:\/\/koertke.de\/index.php?rest_route=\/wp\/v2\/pages\/747"}],"collection":[{"href":"https:\/\/koertke.de\/index.php?rest_route=\/wp\/v2\/pages"}],"about":[{"href":"https:\/\/koertke.de\/index.php?rest_route=\/wp\/v2\/types\/page"}],"author":[{"embeddable":true,"href":"https:\/\/koertke.de\/index.php?rest_route=\/wp\/v2\/users\/1"}],"replies":[{"embeddable":true,"href":"https:\/\/koertke.de\/index.php?rest_route=%2Fwp%2Fv2%2Fcomments&post=747"}],"version-history":[{"count":12,"href":"https:\/\/koertke.de\/index.php?rest_route=\/wp\/v2\/pages\/747\/revisions"}],"predecessor-version":[{"id":14307,"href":"https:\/\/koertke.de\/index.php?rest_route=\/wp\/v2\/pages\/747\/revisions\/14307"}],"wp:attachment":[{"href":"https:\/\/koertke.de\/index.php?rest_route=%2Fwp%2Fv2%2Fmedia&parent=747"}],"curies":[{"name":"wp","href":"https:\/\/api.w.org\/{rel}","templated":true}]}}