{"id":537,"date":"2017-06-04T11:11:08","date_gmt":"2017-06-04T09:11:08","guid":{"rendered":"http:\/\/koertke.de\/?page_id=537"},"modified":"2023-09-16T19:24:36","modified_gmt":"2023-09-16T17:24:36","slug":"spenden","status":"publish","type":"page","link":"https:\/\/koertke.de\/?page_id=537","title":{"rendered":"Spenden"},"content":{"rendered":"<h2 style=\"text-align: center;\">Deine Spende zum Erfolg<\/h2>\n<form action=\"https:\/\/www.paypal.com\/cgi-bin\/webscr\" method=\"post\" target=\"_top\">\n<h4>Warum Spenden?<\/h4>\n<p>Uns geht es gut, h\u00f6rt man immer wieder. nun ich will ehrlich sein, mir geht es schlecht. Hirnschlag, hepathische Enzephalothie, ein halbes Jahr sowas wie im Koma gelegen. Habe nichts mitbekommen, alles nur Bruchst\u00fcckhaft.<\/p>\n<h5 style=\"text-align: center;\">Allein, Einsam, Isoliert<\/h5>\n<p>Dies ist eine ganz private Initiative von mir. Ich selbst habe f\u00fcr mich\u00a0<span style=\"font-size: 0.95em;\">vieles durchgemacht. Viel Arbeit, viel Stress. Burnout, Depression, Alkohol, ich wollte einfach nur funktionieren. In meinem Werdegang habe ich viele Menschen kennengelernt, die einen \u00e4hnlichen, wenn nicht sogar gleichen Lebensweg hatten oder haben.<\/span><\/p>\n<p><span style=\"font-size: 0.95em;\">Eines ist allen gleich, man ger\u00e4t immer mehr in die Isolation, man ist allein, wei\u00df nichts mit sich anzufangen und auf Menschen zugehen, so wie es fr\u00fcher einmal war, klappt nicht mehr. Nach Hilfe fragen trauen sich viele nicht, einfach aus Angst weil man glaubt versagt zu haben.<\/span><\/p>\n<\/form>\n<p>\u00a0<\/p>\n\n\n<figure class=\"wp-block-image size-large is-resized\"><img decoding=\"async\" loading=\"lazy\" src=\"https:\/\/i0.wp.com\/koertke.de\/wp-content\/uploads\/2023\/09\/team-4529717_1920.jpg?resize=552%2C368&#038;ssl=1\" alt=\"\" class=\"wp-image-15279\" style=\"width:552px;height:368px\" width=\"552\" height=\"368\" srcset=\"https:\/\/i0.wp.com\/koertke.de\/wp-content\/uploads\/2023\/09\/team-4529717_1920.jpg?resize=1024%2C683&amp;ssl=1 1024w, https:\/\/i0.wp.com\/koertke.de\/wp-content\/uploads\/2023\/09\/team-4529717_1920.jpg?resize=300%2C200&amp;ssl=1 300w, https:\/\/i0.wp.com\/koertke.de\/wp-content\/uploads\/2023\/09\/team-4529717_1920.jpg?resize=768%2C512&amp;ssl=1 768w, https:\/\/i0.wp.com\/koertke.de\/wp-content\/uploads\/2023\/09\/team-4529717_1920.jpg?resize=1536%2C1024&amp;ssl=1 1536w, https:\/\/i0.wp.com\/koertke.de\/wp-content\/uploads\/2023\/09\/team-4529717_1920.jpg?resize=600%2C400&amp;ssl=1 600w, https:\/\/i0.wp.com\/koertke.de\/wp-content\/uploads\/2023\/09\/team-4529717_1920.jpg?w=1920&amp;ssl=1 1920w, https:\/\/i0.wp.com\/koertke.de\/wp-content\/uploads\/2023\/09\/team-4529717_1920.jpg?w=1720&amp;ssl=1 1720w\" sizes=\"(max-width: 552px) 100vw, 552px\" data-recalc-dims=\"1\" \/><\/figure>\n\n\n<p>Eure Spende soll hier ein wenig helfen, soziale Netze aufbauen, gemeinsame Aktionen starten.<\/p>\n<p>Wieder zur\u00fcckfinden, Freundschaften aufbauen und in einem neuen Weg wieder Spa\u00df am Leben zu haben.<\/p>\n<p>Ich freue mich, wenn ihr meine Initiative unterst\u00fctzt und dabei helft, wieder eine Zukunft in meinem neuen Leben zu finden und so auch die alte Schaffenskraft f\u00fcr Beruf und Alltag neu zu entdecken.<\/p>\n<h2 style=\"text-align: center;\"><a href=\"http:\/\/paypal.me\/chrisko1960\" target=\"_blank\" rel=\"noopener\">Deine Spende hilft!<\/a><\/h2>\n\n\n<iframe\n    src=\"https:\/\/www.paypal.com\/giving\/campaigns?campaign_id=5CRBRAE3B8A44\"\n    title=\"PayPal donate campaign card\"\n    frameborder=\"0\"\n    width=382\n    height=550\n    scrolling=\"no\"\n><\/iframe>\n","protected":false},"excerpt":{"rendered":"<p>Deine Spende zum Erfolg Warum Spenden? Uns geht es gut, h\u00f6rt man immer wieder. nun ich will ehrlich sein, mir geht es schlecht. Hirnschlag, hepathische [&#8230;]<\/p>\n","protected":false},"author":1,"featured_media":13948,"parent":0,"menu_order":0,"comment_status":"closed","ping_status":"closed","template":"","meta":{"footnotes":""},"jetpack_sharing_enabled":true,"_links":{"self":[{"href":"https:\/\/koertke.de\/index.php?rest_route=\/wp\/v2\/pages\/537"}],"collection":[{"href":"https:\/\/koertke.de\/index.php?rest_route=\/wp\/v2\/pages"}],"about":[{"href":"https:\/\/koertke.de\/index.php?rest_route=\/wp\/v2\/types\/page"}],"author":[{"embeddable":true,"href":"https:\/\/koertke.de\/index.php?rest_route=\/wp\/v2\/users\/1"}],"replies":[{"embeddable":true,"href":"https:\/\/koertke.de\/index.php?rest_route=%2Fwp%2Fv2%2Fcomments&post=537"}],"version-history":[{"count":18,"href":"https:\/\/koertke.de\/index.php?rest_route=\/wp\/v2\/pages\/537\/revisions"}],"predecessor-version":[{"id":15284,"href":"https:\/\/koertke.de\/index.php?rest_route=\/wp\/v2\/pages\/537\/revisions\/15284"}],"wp:featuredmedia":[{"embeddable":true,"href":"https:\/\/koertke.de\/index.php?rest_route=\/wp\/v2\/media\/13948"}],"wp:attachment":[{"href":"https:\/\/koertke.de\/index.php?rest_route=%2Fwp%2Fv2%2Fmedia&parent=537"}],"curies":[{"name":"wp","href":"https:\/\/api.w.org\/{rel}","templated":true}]}}