{"id":26,"date":"2016-11-17T10:21:32","date_gmt":"2016-11-17T09:21:32","guid":{"rendered":"http:\/\/koertke.de\/?page_id=26"},"modified":"2016-11-17T13:06:00","modified_gmt":"2016-11-17T12:06:00","slug":"originale","status":"publish","type":"page","link":"https:\/\/koertke.de\/?page_id=26","title":{"rendered":"Originale"},"content":{"rendered":"<p>Hier k\u00f6nnt Ihr direkt die Originale bestellen, sofern sie noch zum Verkauf stehen. Alle Bilder biete ich auch als Reproduktionen an, in der Regel bis DIN A4, bei gr\u00f6\u00dferen Formaten fragt einfach nach oder geht in den Bildershop. Dort k\u00f6nnt Ihr die Bilder auch auf Leinwand reproduziert bestellen.<\/p>\n<p>&nbsp;<br \/>\n<iframe loading=\"lazy\" frameborder=\"0\" width=\"99%\" height=\"600\" id=\"dawanda_external_shop\" style=\"overflow-x: hidden\" src=\"http:\/\/de.dawanda.com\/external_shop\/shop?code=eJwdj7FOAzEQRINyImcFOFFQIKXaqynQERCWkBKFgogOCgqKyGevySqOHdlrQMrH8Bv8Cz-DQdPMvGI0U9X7MYgYPhIcdiByJgONmdq-u1TXtz2MdXAhpoW8mGumd3zOu12ILOWDSusX4vXSG7IWI3qea40p7WsQjJ8MR-3U_AmEI78B0XY3pbtXevMWQ_aFt9ZaOEnoHMYVGaq-Jt8H0OiIitGsFGcp7ou9q-rXOsjjJ8UUvHIjeToz6MOWvOIQaSSbmc9bjP9p-DN4pAENz89aEGV-eXb1C8CoSCQ|f8ae9d3f6ce197e7bdc485793c85b3de36f1a71a&#038;trck=e6aa00\"><\/iframe><script src=\"https:\/\/assets.dawanda.com\/assets\/javascripts\/dawanda\/external_shop\/outer.js?_c1d_\" type=\"text\/javascript\"><\/script><br \/>\n&nbsp;<\/p>\n","protected":false},"excerpt":{"rendered":"<p>Hier k\u00f6nnt Ihr direkt die Originale bestellen, sofern sie noch zum Verkauf stehen. Alle Bilder biete ich auch als Reproduktionen an, in der Regel bis [&#8230;]<\/p>\n","protected":false},"author":1,"featured_media":0,"parent":0,"menu_order":0,"comment_status":"closed","ping_status":"closed","template":"","meta":{"footnotes":""},"jetpack_sharing_enabled":true,"_links":{"self":[{"href":"https:\/\/koertke.de\/index.php?rest_route=\/wp\/v2\/pages\/26"}],"collection":[{"href":"https:\/\/koertke.de\/index.php?rest_route=\/wp\/v2\/pages"}],"about":[{"href":"https:\/\/koertke.de\/index.php?rest_route=\/wp\/v2\/types\/page"}],"author":[{"embeddable":true,"href":"https:\/\/koertke.de\/index.php?rest_route=\/wp\/v2\/users\/1"}],"replies":[{"embeddable":true,"href":"https:\/\/koertke.de\/index.php?rest_route=%2Fwp%2Fv2%2Fcomments&post=26"}],"version-history":[{"count":1,"href":"https:\/\/koertke.de\/index.php?rest_route=\/wp\/v2\/pages\/26\/revisions"}],"predecessor-version":[{"id":27,"href":"https:\/\/koertke.de\/index.php?rest_route=\/wp\/v2\/pages\/26\/revisions\/27"}],"wp:attachment":[{"href":"https:\/\/koertke.de\/index.php?rest_route=%2Fwp%2Fv2%2Fmedia&parent=26"}],"curies":[{"name":"wp","href":"https:\/\/api.w.org\/{rel}","templated":true}]}}